{"id":179,"date":"2020-11-12T16:27:59","date_gmt":"2020-11-12T16:27:59","guid":{"rendered":"https:\/\/vanlienden.4bis.nl\/?page_id=179"},"modified":"2025-02-13T11:39:45","modified_gmt":"2025-02-13T10:39:45","slug":"nederlandse-taaltrainingen","status":"publish","type":"page","link":"https:\/\/van-lienden.nl\/nl\/nederlandse-taaltrainingen\/","title":{"rendered":"Nederlandse Taaltrainingen"},"content":{"rendered":"<p>[et_pb_section fb_built=&#8221;1&#8243; custom_padding_last_edited=&#8221;off|desktop&#8221; admin_label=&#8221;Header&#8221; module_class=&#8221;HeaderRespTaal HeaderTaal980&#8243; _builder_version=&#8221;4.16&#8243; use_background_color_gradient=&#8221;on&#8221; background_color_gradient_direction=&#8221;90deg&#8221; background_color_gradient_stops=&#8221;rgba(252,197,111,0.5) 50%|rgba(252,197,111,0.38) 50%&#8221; background_color_gradient_overlays_image=&#8221;on&#8221; background_color_gradient_start=&#8221;rgba(252,197,111,0.5)&#8221; background_color_gradient_start_position=&#8221;50%&#8221; background_color_gradient_end=&#8221;rgba(252,197,111,0.38)&#8221; background_color_gradient_end_position=&#8221;0%&#8221; background_image=&#8221;https:\/\/vanlienden.4bis.nl\/wp-content\/uploads\/sites\/665\/2020\/11\/training-5069846_1920.jpg&#8221; background_position=&#8221;top_center&#8221; custom_padding=&#8221;8vw||12vw||false|false&#8221; custom_padding_tablet=&#8221;||||false|false&#8221; custom_padding_phone=&#8221;||||false|false&#8221; locked=&#8221;off&#8221; global_colors_info=&#8221;{}&#8221;][et_pb_row column_structure=&#8221;1_2,1_2&#8243; make_equal=&#8221;on&#8221; module_class=&#8221;headerTaaltrainingen&#8221; _builder_version=&#8221;4.16&#8243; max_width=&#8221;1200px&#8221; custom_padding=&#8221;4%|0%|0px|4%|false|false&#8221; border_color_all=&#8221;#16252D&#8221; border_width_bottom=&#8221;4px&#8221; border_color_bottom=&#8221;#ffffff&#8221; border_width_left=&#8221;4px&#8221; border_color_left=&#8221;#ffffff&#8221; locked=&#8221;off&#8221; global_colors_info=&#8221;{}&#8221;][et_pb_column type=&#8221;1_2&#8243; _builder_version=&#8221;4.16&#8243; custom_padding=&#8221;||4%||false|false&#8221; global_colors_info=&#8221;{}&#8221;][et_pb_text _builder_version=&#8221;4.16&#8243; header_text_align=&#8221;justify&#8221; header_font_size=&#8221;16px&#8221; header_letter_spacing=&#8221;2px&#8221; header_line_height=&#8221;1.2em&#8221; background_layout=&#8221;dark&#8221; custom_margin=&#8221;||||false|false&#8221; custom_padding=&#8221;||||false|false&#8221; header_font_size_tablet=&#8221;40px&#8221; header_font_size_phone=&#8221;24px&#8221; header_font_size_last_edited=&#8221;on|phone&#8221; locked=&#8221;off&#8221; global_colors_info=&#8221;{}&#8221;]<\/p>\n<h1>Nederlandse Taaltrainingen<\/h1>\n<p>[\/et_pb_text][\/et_pb_column][et_pb_column type=&#8221;1_2&#8243; _builder_version=&#8221;4.16&#8243; _module_preset=&#8221;default&#8221; global_colors_info=&#8221;{}&#8221;][et_pb_button button_url=&#8221;\/nl\/contact\/&#8221; button_text=&#8221;Neem contact op&#8221; button_alignment=&#8221;right&#8221; _builder_version=&#8221;4.27.4&#8243; custom_button=&#8221;on&#8221; button_text_size=&#8221;16px&#8221; button_text_color=&#8221;#ffffff&#8221; button_bg_color=&#8221;rgba(0,0,0,0)&#8221; button_border_width=&#8221;4px&#8221; button_border_color=&#8221;#ffffff&#8221; button_border_radius=&#8221;0px&#8221; button_letter_spacing=&#8221;5px&#8221; button_font=&#8221;|700|||||||&#8221; button_icon_color=&#8221;#ffffff&#8221; positioning=&#8221;absolute&#8221; position_origin_a=&#8221;bottom_right&#8221; vertical_offset=&#8221;-8px&#8221; position_origin_a_tablet=&#8221;&#8221; position_origin_a_phone=&#8221;&#8221; position_origin_a_last_edited=&#8221;on|tablet&#8221; position_origin_f_tablet=&#8221;&#8221; position_origin_f_phone=&#8221;&#8221; position_origin_f_last_edited=&#8221;on|tablet&#8221; position_origin_r_tablet=&#8221;bottom_right&#8221; position_origin_r_phone=&#8221;&#8221; position_origin_r_last_edited=&#8221;on|tablet&#8221; custom_margin=&#8221;|-1px|4px|0px|false|false&#8221; custom_margin_tablet=&#8221;|||0px|false|false&#8221; custom_margin_last_edited=&#8221;off|desktop&#8221; custom_padding=&#8221;19px|30px|19px|30px|true|true&#8221; hover_enabled=&#8221;0&#8243; positioning_tablet=&#8221;relative&#8221; positioning_phone=&#8221;&#8221; positioning_last_edited=&#8221;on|tablet&#8221; locked=&#8221;off&#8221; global_colors_info=&#8221;{}&#8221; sticky_enabled=&#8221;0&#8243;][\/et_pb_button][\/et_pb_column][\/et_pb_row][\/et_pb_section][et_pb_section fb_built=&#8221;1&#8243; admin_label=&#8221;Features&#8221; _builder_version=&#8221;4.16&#8243; locked=&#8221;off&#8221; global_colors_info=&#8221;{}&#8221;][et_pb_row column_structure=&#8221;1_2,1_2&#8243; use_custom_gutter=&#8221;on&#8221; gutter_width=&#8221;2&#8243; _builder_version=&#8221;4.16&#8243; custom_margin=&#8221;-10vw||||false|false&#8221; global_colors_info=&#8221;{}&#8221;][et_pb_column type=&#8221;1_2&#8243; _builder_version=&#8221;4.16&#8243; background_color=&#8221;#f4f4f5&#8243; custom_padding=&#8221;30px|30px|30px|30px|true|true&#8221; custom_padding_tablet=&#8221;30px|30px|30px|30px|true|true&#8221; custom_padding_phone=&#8221;20px|20px|20px|20px|true|true&#8221; custom_padding_last_edited=&#8221;on|phone&#8221; global_colors_info=&#8221;{}&#8221;][et_pb_blurb title=&#8221;Taaltrainingen&#8221; icon_alignment=&#8221;left&#8221; content_max_width=&#8221;100%&#8221; _builder_version=&#8221;4.16&#8243; header_level=&#8221;h2&#8243; header_font=&#8221;|900|||||||&#8221; header_line_height=&#8221;2em&#8221; body_line_height=&#8221;2em&#8221; locked=&#8221;off&#8221; global_colors_info=&#8221;{}&#8221;]<strong>NT2 Beginners (intensief)<\/strong><\/p>\n<p>Speciaal voor personen die binnen korte tijd de basis van het<span>\u00a0<\/span><strong>Nederlands<\/strong><span>\u00a0<\/span>onder de knie willen krijgen, organiseert Van Lienden Taaltrainingen\u00a0een zeer intensieve taaltraining<span>\u00a0<\/span><em>Nederlands voor beginners.<\/em><\/p>\n<p>Door de combinatie van dagelijkse lessen en zelfstudie zult u in zeer korte tijd in staat\u00a0zijn op eenvoudige wijze te communiceren met<span>\u00a0<\/span><strong>Nederlanders<\/strong>.<\/p>\n<p>Omdat u vooral behoefte heeft aan Nederlands voor dagelijks gebruik, zal de docent veel aandacht besteden aan praktijkgerichte situaties zoals het voorstellen aan<span>\u00a0<\/span><strong>Nederlandssprekenden<\/strong>, een telefoongesprek voeren in het Nederlands, boodschappen doen, enzovoorts. U leert vooral om eenvoudig\u00a0<strong>Nederlands te spreken<\/strong><span>\u00a0<\/span>en om \u00a0instructies en teksten te begrijpen. Daarnaast zal de docent ook \u00a0aandacht besteden aan<span>\u00a0<\/span><strong>luisteren,\u00a0lezen en schrijven<\/strong>.<\/p>\n<p>Na de training beschikt u over een actieve woordenkennis die u dagelijks van pas komt. Ook kunt u de basisregels van de<span>\u00a0<\/span><strong>Nederlandse grammatica<\/strong><span>\u00a0<\/span>toepassen.[\/et_pb_blurb][\/et_pb_column][et_pb_column type=&#8221;1_2&#8243; _builder_version=&#8221;4.16&#8243; background_color=&#8221;#f4f4f5&#8243; custom_padding=&#8221;30px|30px|30px|30px|true|true&#8221; custom_padding_tablet=&#8221;30px|30px|30px|30px|true|true&#8221; custom_padding_phone=&#8221;20px|20px|20px|20px|true|true&#8221; custom_padding_last_edited=&#8221;on|phone&#8221; global_colors_info=&#8221;{}&#8221;][et_pb_blurb title=&#8221;Beginners&#8221; icon_alignment=&#8221;left&#8221; content_max_width=&#8221;100%&#8221; _builder_version=&#8221;4.16&#8243; header_level=&#8221;h2&#8243; header_line_height=&#8221;2em&#8221; body_line_height=&#8221;2em&#8221; locked=&#8221;off&#8221; global_colors_info=&#8221;{}&#8221;]<\/p>\n<p>Voor\u00a0beginners adviseren wij\u00a0een cursusduur van in eerste instantie 60 lesuren.\u00a0Standaard bieden wij 20 wekelijkse lessen van 3\u00a0uur aan. Indien gewenst kunt u met ons overleggen over een andere lesduur, een andere lesfrequentie en een andere cursusduur. Zeer korte intensieve cursussen, bestaande uit een bepaald aantal dagdelen binnen enkele weken, zijn uiteraard ook mogelijk.<\/p>\n<p><strong>Uw voordeel<\/strong><\/p>\n<p>U\u00a0kunt bij elke training\u00a0een bepaalde les\u00a0doorschuiven naar\u00a0een later tijdstip, indien\u00a0een lesafspraak u onverhoopt niet\u00a0goed uitkomt. Dit kan bijvoorbeeld voorkomen bij een plotseling optredende werkdruk, zakenreizen en vakanties.<\/p>\n<p>Onze trainingsmethode is zeer praktijkgericht: zo kunt u ook eventueel zelf<span>\u00a0<\/span><strong>lesmateriaal<\/strong><span>\u00a0<\/span>inbrengen tijdens de lessen, in de vorm\u00a0van bijvoorbeeld bedrijfsbrochures, e-mails of rapportages.<\/p>\n<p>[\/et_pb_blurb][et_pb_button button_url=&#8221;\/nederlandse-taaltrainingen\/beginners-cursus-nt2\/&#8221; button_text=&#8221;Beginnerscursus NT2&#8243; module_class=&#8221;vanLienden-btn&#8221; _builder_version=&#8221;4.27.4&#8243; _module_preset=&#8221;default&#8221; global_colors_info=&#8221;{}&#8221;][\/et_pb_button][\/et_pb_column][\/et_pb_row][et_pb_row column_structure=&#8221;1_2,1_2&#8243; use_custom_gutter=&#8221;on&#8221; gutter_width=&#8221;2&#8243; _builder_version=&#8221;4.16&#8243; custom_margin=&#8221;||||false|false&#8221; global_colors_info=&#8221;{}&#8221;][et_pb_column type=&#8221;1_2&#8243; _builder_version=&#8221;4.16&#8243; background_color=&#8221;#f4f4f5&#8243; custom_padding=&#8221;30px|30px|30px|30px|true|true&#8221; custom_padding_tablet=&#8221;30px|30px|30px|30px|true|true&#8221; custom_padding_phone=&#8221;20px|20px|20px|20px|true|true&#8221; custom_padding_last_edited=&#8221;on|phone&#8221; global_colors_info=&#8221;{}&#8221;][et_pb_blurb title=&#8221;In company&#8221; icon_alignment=&#8221;left&#8221; content_max_width=&#8221;100%&#8221; _builder_version=&#8221;4.16&#8243; header_level=&#8221;h2&#8243; header_font=&#8221;|900|||||||&#8221; header_line_height=&#8221;2em&#8221; body_line_height=&#8221;2em&#8221; locked=&#8221;off&#8221; global_colors_info=&#8221;{}&#8221;]<\/p>\n<p><strong>In company trainingen<\/strong> vinden plaats bij het bedrijf waar <strong>de cursist werkt.<\/strong> Het voordeel is dat er geen reistijd verloren gaat. De lestijden kunnen op de werktijden van de cursist (-en) worden afgestemd. Er zijn verschillen vormen van in company trainingen mogelijk: \u00e9\u00e9n op \u00e9\u00e9n, in een groep of een <strong>intensieve cursus<\/strong>. In overleg met het bedrijf en de cursist stellen wij vooraf de leerdoelen, het <strong>lesprogramma<\/strong> en de trainingsduur vast.<\/p>\n<p>Tijdens een intakegesprek stellen we vast welke vaardigheden verbeterd moeten worden. Wil de cursist bijvoorbeeld een vreemde taal beter verstaan, de taal juist beter spreken of gaat het de cursist er om zakelijke correspondentie te verbeteren? En in welke branche is de cursist werkzaam? Zodra we weten wat het doel van de cursus is, stemmen we de inhoud en de structuur van de cursus daar op af.<\/p>\n<p>[\/et_pb_blurb][\/et_pb_column][et_pb_column type=&#8221;1_2&#8243; _builder_version=&#8221;4.16&#8243; background_color=&#8221;#f4f4f5&#8243; custom_padding=&#8221;30px|30px|30px|30px|true|true&#8221; custom_padding_tablet=&#8221;30px|30px|30px|30px|true|true&#8221; custom_padding_phone=&#8221;20px|20px|20px|20px|true|true&#8221; custom_padding_last_edited=&#8221;on|phone&#8221; global_colors_info=&#8221;{}&#8221;][et_pb_blurb title=&#8221;Taaltrainingen&#8221; icon_alignment=&#8221;left&#8221; content_max_width=&#8221;100%&#8221; _builder_version=&#8221;4.16&#8243; header_level=&#8221;h2&#8243; header_line_height=&#8221;2em&#8221; body_line_height=&#8221;2em&#8221; locked=&#8221;off&#8221; global_colors_info=&#8221;{}&#8221;]<\/p>\n<p><strong>Nederlands als tweede taal<\/strong> op de werkvloer<\/p>\n<p>Bent u actief in een specifieke\u00a0branche\u00a0? Zoals\u00a0de agragrische of de zorgsector? Heeft u werknemers in dienst voor wie \u00a0<strong>Nederlands<\/strong> niet de\u00a0\u00a0moedertaal is? Kies dan voor een cursus <strong>Nederlands als tweede taal<\/strong> op de werkvloer.<\/p>\n<p>Om de lessen zo goed mogelijk af te stemmen op de praktijksituatie, vinden we het belangrijk dat docent en de manager van de afdeling regelmatig contact met elkaar hebben. Daardoor krijgt de docent een beter inzicht in <strong>werksituaties<\/strong> die voor de werknemers belangrijk\u00a0zijn, en de manager blijft zo goed op de hoogte van de vorderingen van de deelnemers.<\/p>\n<p>[\/et_pb_blurb][\/et_pb_column][\/et_pb_row][\/et_pb_section][et_pb_section fb_built=&#8221;1&#8243; admin_label=&#8221;Contact&#8221; module_class=&#8221;AboveFooterBlock AboveFooterBlock768 FooterBlockRest BlogResp768 TextPadding1350&#8243; _builder_version=&#8221;4.16&#8243; background_color=&#8221;#ffffff&#8221; custom_padding=&#8221;0px||0px||true|false&#8221; border_color_all=&#8221;#F26423&#8243; global_module=&#8221;2024&#8243; locked=&#8221;off&#8221; global_colors_info=&#8221;{}&#8221;][et_pb_row column_structure=&#8221;1_2,1_2&#8243; make_equal=&#8221;on&#8221; _builder_version=&#8221;4.27.4&#8243; _module_preset=&#8221;default&#8221; custom_padding=&#8221;0px||0px||true|false&#8221; box_shadow_style=&#8221;preset4&#8243; box_shadow_horizontal=&#8221;-30vw&#8221; box_shadow_vertical=&#8221;0px&#8221; box_shadow_color=&#8221;#F26423&#8243; global_colors_info=&#8221;{}&#8221;][et_pb_column type=&#8221;1_2&#8243; _builder_version=&#8221;4.27.4&#8243; _module_preset=&#8221;default&#8221; background_color=&#8221;#F26423&#8243; custom_padding=&#8221;8%|20px|8%||true|false&#8221; global_colors_info=&#8221;{}&#8221;][et_pb_text _builder_version=&#8221;4.27.4&#8243; _module_preset=&#8221;default&#8221; text_text_color=&#8221;#FFFFFF&#8221; background_layout=&#8221;dark&#8221; custom_margin=&#8221;||7px||false|false&#8221; global_colors_info=&#8221;{}&#8221;]<\/p>\n<h2>Neem contact op:<\/h2>\n<p>[\/et_pb_text][et_pb_text _builder_version=&#8221;4.27.4&#8243; _module_preset=&#8221;default&#8221; text_text_color=&#8221;#FFFFFF&#8221; custom_margin=&#8221;||7px||false|false&#8221; global_colors_info=&#8221;{}&#8221;]<\/p>\n<p>Tel: <a class=\"orangeBlock-link\" href=\"tel:0235401511\">023 54 01 511<\/a><\/p>\n<p>[\/et_pb_text][et_pb_text _builder_version=&#8221;4.27.4&#8243; _module_preset=&#8221;default&#8221; text_text_color=&#8221;#FFFFFF&#8221; custom_margin=&#8221;-4px||||false|false&#8221; global_colors_info=&#8221;{}&#8221;]<\/p>\n<p>E-mail: <a class=\"orangeBlock-link\" href=\"mailto:alienden@van-lienden.nl\">alienden@van-lienden.nl<\/a><\/p>\n<p>[\/et_pb_text][et_pb_button button_url=&#8221;https:\/\/van-lienden.nl\/nl\/contact\/&#8221; button_text=&#8221;Ga naar contact&#8221; module_class=&#8221;contactOrange-btn&#8221; _builder_version=&#8221;4.27.4&#8243; _module_preset=&#8221;default&#8221; custom_margin=&#8221;-14px||||false|false&#8221; global_colors_info=&#8221;{}&#8221;][\/et_pb_button][\/et_pb_column][et_pb_column type=&#8221;1_2&#8243; _builder_version=&#8221;4.27.4&#8243; _module_preset=&#8221;default&#8221; custom_padding=&#8221;8%||8%||true|false&#8221; global_colors_info=&#8221;{}&#8221;][et_pb_text _builder_version=&#8221;4.27.4&#8243; _module_preset=&#8221;default&#8221; global_colors_info=&#8221;{}&#8221;]<\/p>\n<h2>Sites:<\/h2>\n<ul class=\"sitesList\">\n<li><a href=\"https:\/\/www.belastingdienst.nl\/wps\/wcm\/connect\/nl\/buitenland\/\">Belastingdienst<\/a><\/li>\n<li><a href=\"https:\/\/ind.nl\/nl\">Immigratie- en Naturalisatiedienst<\/a><\/li>\n<li><a href=\"https:\/\/www.rijksoverheid.nl\/onderwerpen\/zorgverzekering\/zorgverzekeringsstelsel-in-nederland\">Ziektekostenverzekering<\/a><\/li>\n<li><a href=\"https:\/\/www.rijksoverheid.nl\/onderwerpen\/privacy-en-persoonsgegevens\/vraag-en-antwoord\/wat-is-het-burgerservicenummer-bsn#:~:text=Rijksoverheid.nl-,Wat%20is%20het%20burgerservicenummer%20(bsn)%3F,de%20Basisregistratie%20Personen%20(BRP)\">BSN nummer<\/a><\/li>\n<\/ul>\n<p>[\/et_pb_text][\/et_pb_column][\/et_pb_row][\/et_pb_section]<\/p>\n","protected":false},"excerpt":{"rendered":"<p>Nederlandse TaaltrainingenNT2 Beginners (intensief) Speciaal voor personen die binnen korte tijd de basis van het\u00a0Nederlands\u00a0onder de knie willen krijgen, organiseert Van Lienden Taaltrainingen\u00a0een zeer intensieve taaltraining\u00a0Nederlands voor beginners. Door de combinatie van dagelijkse lessen en zelfstudie zult u in zeer korte tijd in staat\u00a0zijn op eenvoudige wijze te communiceren met\u00a0Nederlanders. Omdat u vooral behoefte heeft [&hellip;]<\/p>\n","protected":false},"author":12,"featured_media":0,"parent":0,"menu_order":0,"comment_status":"closed","ping_status":"closed","template":"","meta":{"_et_pb_use_builder":"on","_et_pb_old_content":"","_et_gb_content_width":""},"_links":{"self":[{"href":"https:\/\/van-lienden.nl\/nl\/wp-json\/wp\/v2\/pages\/179"}],"collection":[{"href":"https:\/\/van-lienden.nl\/nl\/wp-json\/wp\/v2\/pages"}],"about":[{"href":"https:\/\/van-lienden.nl\/nl\/wp-json\/wp\/v2\/types\/page"}],"author":[{"embeddable":true,"href":"https:\/\/van-lienden.nl\/nl\/wp-json\/wp\/v2\/users\/12"}],"replies":[{"embeddable":true,"href":"https:\/\/van-lienden.nl\/nl\/wp-json\/wp\/v2\/comments?post=179"}],"version-history":[{"count":0,"href":"https:\/\/van-lienden.nl\/nl\/wp-json\/wp\/v2\/pages\/179\/revisions"}],"wp:attachment":[{"href":"https:\/\/van-lienden.nl\/nl\/wp-json\/wp\/v2\/media?parent=179"}],"curies":[{"name":"wp","href":"https:\/\/api.w.org\/{rel}","templated":true}]}}